{"id":16,"date":"2019-06-26T15:22:35","date_gmt":"2019-06-26T13:22:35","guid":{"rendered":"http:\/\/bakerbox.net\/?page_id=16"},"modified":"2024-02-02T10:56:16","modified_gmt":"2024-02-02T09:56:16","slug":"qui-sommes-nous","status":"publish","type":"page","link":"http:\/\/bakerbox.net\/index.php\/qui-sommes-nous\/","title":{"rendered":"Qui sommes-nous ?"},"content":{"rendered":"\n<p style=\"text-align:left\"><strong>Cr\u00e9\u00e9e \u00e0 l\u2019initiative de Monsieur Fr\u00e9d\u00e9ric Legierski en 1999 sous le nom de MBP Soissons, notre soci\u00e9t\u00e9 a d\u00e9velopp\u00e9 son activit\u00e9 en quelques ann\u00e9es.<\/strong><\/p>\n\n\n\n<p style=\"text-align:left\"><strong>Aujourd\u2019hui, nomm\u00e9e BAKER BOX, elle est leader du march\u00e9 en mat\u00e9riel d\u2019\u00e9quipement pour les secteurs de la boulangerie et p\u00e2tisserie. Nous vous proposons les \u00e9quipements le mieux adapt\u00e9 \u00e0 votre structure et vos productions. <\/strong><\/p>\n\n\n\n<p style=\"text-align:left\"><strong>L\u2019entreprise BAKER BOX est pr\u00e9sente dans diff\u00e9rentes r\u00e9gions, Haut de France, \u00cele de France et Grand Est.<\/strong><\/p>\n\n\n\n<p style=\"text-align:left\"><strong>Nous disposons d\u2019un showroom \u00e0 l\u2019agence de Mercin,\u00a0 ce qui nous permet de vous pr\u00e9senter\u00a0la ou les machines de votre choix. Nous vous proposons aussi de\u00a0tester sur place vos recettes.<\/strong><\/p>\n\n\n\n<p style=\"text-align:left\"><strong>Nous avons d\u00e9velopp\u00e9 notre propre marque sous le nom de PASTRY BOX. Celle-ci&nbsp; regroupe une large gamme de machines pour les domaines de la p\u00e2tisserie, biscuiterie, traiteur, productions sal\u00e9es et chocolaterie.<\/strong><\/p>\n\n\n\n<p style=\"text-align:left\"><strong>PASTRY BOX a d\u00e9velopp\u00e9 un r\u00e9seau de revendeurs \/d\u00e9panneurs National en France.&nbsp;<\/strong><\/p>\n\n\n\n<p style=\"text-align:left\"><strong>BAKER BOX EST\nREVENDEUR DE LA MARQUE POLIN<\/strong><\/p>\n\n\n\n<p style=\"text-align:left\"><strong>Polin , une marque qui s\u2019adapte \u00e0 votre besoin avec une gamme compl\u00e8te de fours et de dresseuses pour diff\u00e9rents types de fabrications sucr\u00e9es et sal\u00e9es. <\/strong><\/p>\n\n\n\n<p style=\"text-align:left\"><em>N\u2019h\u00e9sitez pas \u00e0 nous contacter pour toutes demandes concernant l\u2019acquisition de mat\u00e9riel POLIN. <\/em><\/p>\n\n\n\n<p style=\"text-align:center\"><em>ACC\u00c9DEZ AU SITE DE LA MARQUE POLIN&nbsp;: <\/em><\/p>\n\n\n\n<div class=\"wp-block-image\"><figure class=\"aligncenter is-resized\"><img loading=\"lazy\" decoding=\"async\" src=\"http:\/\/bakerbox.net\/wp-content\/uploads\/2019\/10\/B4D4E64-9B29-4192-B3A9-F9FF11C0DADE-logo-1.jpg\" alt=\"polin_four_dresseuse_revendeur_italie_france_materiel_professionnel_boulangerie_patisserie\" class=\"wp-image-209\" width=\"108\" height=\"131\"\/><figcaption><a href=\"https:\/\/www.polin.it\/\">https:\/\/www.polin.it\/<\/a><\/figcaption><\/figure><\/div>\n\n\n<p><!--EndFragment--><\/p>\n<p><strong>To<span style=\"color: #000000;\">us les mat\u00e9riels sont livr\u00e9s et install\u00e9s par nos techniciens. <\/span><\/strong><br><span style=\"color: #000000;\"><strong>Notre formateur reste entre 1\/2 journ\u00e9e et 1 journ\u00e9e de fa\u00e7on \u00e0 utiliser de mani\u00e8re optimum vos \u00e9quipements et cr\u00e9er vos propres recettes.<\/strong><\/span><\/p>\n<p>\n<\/p>","protected":false},"excerpt":{"rendered":"<p>Cr\u00e9\u00e9e \u00e0 l\u2019initiative de Monsieur Fr\u00e9d\u00e9ric Legierski en 1999 sous le nom de MBP Soissons, notre soci\u00e9t\u00e9 a d\u00e9velopp\u00e9 son activit\u00e9 en quelques ann\u00e9es. Aujourd\u2019hui, nomm\u00e9e BAKER BOX, elle est leader du march\u00e9 en mat\u00e9riel d\u2019\u00e9quipement pour les secteurs de la boulangerie et p\u00e2tisserie. Nous vous proposons les \u00e9quipements le mieux adapt\u00e9 \u00e0 votre structure&hellip;<\/p>\n","protected":false},"author":1,"featured_media":0,"parent":0,"menu_order":0,"comment_status":"closed","ping_status":"closed","template":"","meta":{"footnotes":""},"_links":{"self":[{"href":"http:\/\/bakerbox.net\/index.php\/wp-json\/wp\/v2\/pages\/16"}],"collection":[{"href":"http:\/\/bakerbox.net\/index.php\/wp-json\/wp\/v2\/pages"}],"about":[{"href":"http:\/\/bakerbox.net\/index.php\/wp-json\/wp\/v2\/types\/page"}],"author":[{"embeddable":true,"href":"http:\/\/bakerbox.net\/index.php\/wp-json\/wp\/v2\/users\/1"}],"replies":[{"embeddable":true,"href":"http:\/\/bakerbox.net\/index.php\/wp-json\/wp\/v2\/comments?post=16"}],"version-history":[{"count":4,"href":"http:\/\/bakerbox.net\/index.php\/wp-json\/wp\/v2\/pages\/16\/revisions"}],"predecessor-version":[{"id":221,"href":"http:\/\/bakerbox.net\/index.php\/wp-json\/wp\/v2\/pages\/16\/revisions\/221"}],"wp:attachment":[{"href":"http:\/\/bakerbox.net\/index.php\/wp-json\/wp\/v2\/media?parent=16"}],"curies":[{"name":"wp","href":"https:\/\/api.w.org\/{rel}","templated":true}]}}